{"id":19231,"date":"2017-02-28T16:18:15","date_gmt":"2017-02-28T16:18:15","guid":{"rendered":"https:\/\/www.seguso.it\/privacy-policy\/"},"modified":"2018-11-09T15:10:17","modified_gmt":"2018-11-09T14:10:17","slug":"privacy-policy","status":"publish","type":"page","link":"https:\/\/www.seguso.it\/it\/privacy-policy\/","title":{"rendered":"Privacy policy"},"content":{"rendered":"<div class=\"wpb-content-wrapper\"><p>[vc_row row_type=&#8221;row&#8221; type=&#8221;grid&#8221; in_content_menu=&#8221;&#8221; text_align=&#8221;left&#8221; background_color=&#8221;#ffffff&#8221; css_animation=&#8221;&#8221; css=&#8221;.vc_custom_1486486707086{margin-top: 55px !important;}&#8221;][vc_column css=&#8221;.vc_custom_1486470337120{margin-bottom: 60px !important;}&#8221;][vc_column_text]<strong>INFORMATIVA AI SENSI DEL REGOLAMENTO U.E 679\/2016<\/strong><br \/>\nAi sensi del Regolamento UE 679\/2016, la informiamo che i suoi dati personali saranno trattati da\u00a0<strong>SEGUSO GIANNI<\/strong>, in qualit\u00e0 di titolare del trattamento.<\/p>\n<p><strong>Finalit\u00e0<\/strong><br \/>\n1. Il trattamento sar\u00e0 effettuato, solo nel caso manifesti il suo consenso in relazione alle singole finalit\u00e0, per:<br \/>\n2. l&#8217;invio della newsletter di\u00a0<strong>SEGUSO GIANNI<\/strong>\u00a0e l&#8217;invio di ulteriore materiale promozionale sui servizi erogati compresi sconti, buoni sia mediante canali tradizionali (ad esempio telefonate con operatore e posta cartacea), sia mediante canali automatizzati quali e-mail, sms, comunicazioni mediante canali social (facebook, twitter, instagram, etc&#8230;);<br \/>\n3. l&#8217;invio di materiale promozionale e informativo in linea con le sue preferenze, abitudini e scelte di consumo.<br \/>\nLa informiamo che, in occasione del ricevimento di comunicazioni informatiche mediante e-mail, saranno rilevate alcune informazioni relative alla ricezione delle stesse o alla apertura dei link in esse contenuti, mediante tracciamento statistico anonimo e al solo fine di ottimizzare il sistema di invio.<\/p>\n<p><strong>Base giuridica del trattamento<\/strong><br \/>\nIl trattamento dei dati personali in relazione a tali finalit\u00e0 \u00e8 libero. Il rifiuto di conferire i dati personali o il rifiuto del consenso hanno quale unica conseguenza il fatto che lei non potr\u00e0 ricevere comunicazioni promozionali da parte di\u00a0<strong>SEGUSO GIANNI<\/strong>.<\/p>\n<p><strong>Modalit\u00e0 di trattamento ed eventuale comunicazione dei dati<\/strong><br \/>\nIl trattamento sar\u00e0 effettuato su dati personali forniti direttamente da lei mediante la compilazione di questo modulo o, in caso manifesti il consenso per la finalit\u00e0 2, su ulteriori dati personali desunti dalle sue abitudini, scelte di consumo, acquisti, etc&#8230;Il trattamento sar\u00e0 effettuato, manualmente e mediante strumenti informatici, con modalit\u00e0 organizzative e con logiche strettamente correlate alle finalit\u00e0 indicate. I dati personali saranno quindi conservati per tempistiche coerenti con gli obiettivi perseguiti nello svolgimento delle attivit\u00e0 di promozione, tenendo conto dell\u2019eventuale opposizione manifestata. Il conseguimento delle suddette finalit\u00e0 potr\u00e0 avvenire anche per mezzo di trasmissione e comunicazione di dati a terzi, con ci\u00f2 intendendo tali terzi autorizzati al trattamento dei dati stessi, in quanto incaricati di svolgere o fornire specifici servizi strettamente funzionali all&#8217;esecuzione del rapporto contrattuale, quali fornitori di prodotti e servizi correlati alle finalit\u00e0 perseguite. I Suoi dati personali non saranno diffusi e non saranno trasferiti all&#8217;estero.<\/p>\n<p><strong>Diritti dell&#8217;interessato<\/strong><br \/>\nLei ha diritto di proporre reclamo a un&#8217;autorit\u00e0 di controllo rispetto al trattamento dei suoi dati. Lei ha diritto di chiedere alla societ\u00e0 l&#8217;accesso ai dati personali e la rettifica o la cancellazione degli stessi o la limitazione del trattamento che lo riguardano o di opporsi al loro trattamento. Lei ha inoltre sempre la facolt\u00e0 di rifiutare l&#8217;utilizzo di alcuni dei canali indicati dandone indicazione all&#8217;operatore o mediante i sistemi di opposizione presenti, ad esempio, nelle mail inviate.<\/p>\n<p><strong>Dati di contatto<\/strong><br \/>\nPer esercitare i diritti riconosciuti dalla normativa pu\u00f2 scrivere a\u00a0<strong>SEGUSO GIANNI\u00a0\u2013 FONDAMENTA SERENELLA 3, MURANO 30141 VENEZIA<\/strong>, o inviare una e-mail all&#8217;indirizzo contact@venicecommerce.com. La informiamo che, in occasione del ricevimento di comunicazioni informatiche mediante e-mail, saranno rilevate alcune informazioni relative alla ricezione delle stesse o alla apertura dei link in esse contenuti, mediante tracciamento statistico anonimo e al solo fine di ottimizzare il sistema di invio.[\/vc_column_text][\/vc_column][\/vc_row]<\/p>\n<\/div>","protected":false},"excerpt":{"rendered":"<p>[vc_row row_type=&#8221;row&#8221; type=&#8221;grid&#8221; in_content_menu=&#8221;&#8221; text_align=&#8221;left&#8221; background_color=&#8221;#ffffff&#8221; css_animation=&#8221;&#8221; css=&#8221;.vc_custom_1486486707086{margin-top: 55px !important;}&#8221;][vc_column css=&#8221;.vc_custom_1486470337120{margin-bottom: 60px !important;}&#8221;][vc_column_text]INFORMATIVA AI SENSI&#8230;<\/p>\n","protected":false},"author":1,"featured_media":0,"parent":0,"menu_order":0,"comment_status":"closed","ping_status":"closed","template":"full_width.php","meta":{"footnotes":""},"class_list":["post-19231","page","type-page","status-publish","hentry"],"yoast_head":"<!-- This site is optimized with the Yoast SEO plugin v27.2 - https:\/\/yoast.com\/product\/yoast-seo-wordpress\/ -->\n<title>Privacy Policy del Nostro Sito - Seguso Gianni<\/title>\n<meta name=\"description\" content=\"La privacy policy del sito della fornace Gianni Seguso. La riservatezza dei nostri clienti \u00e8 tra le priorit\u00e0 della nostra azienda.\" \/>\n<meta name=\"robots\" content=\"index, follow, max-snippet:-1, max-image-preview:large, max-video-preview:-1\" \/>\n<link rel=\"canonical\" href=\"https:\/\/www.seguso.it\/it\/privacy-policy\/\" \/>\n<meta property=\"og:locale\" content=\"it_IT\" \/>\n<meta property=\"og:type\" content=\"article\" \/>\n<meta property=\"og:title\" content=\"Privacy Policy del Nostro Sito - Seguso Gianni\" \/>\n<meta property=\"og:description\" content=\"La privacy policy del sito della fornace Gianni Seguso. La riservatezza dei nostri clienti \u00e8 tra le priorit\u00e0 della nostra azienda.\" \/>\n<meta property=\"og:url\" content=\"https:\/\/www.seguso.it\/it\/privacy-policy\/\" \/>\n<meta property=\"og:site_name\" content=\"Seguso Gianni\" \/>\n<meta property=\"article:modified_time\" content=\"2018-11-09T14:10:17+00:00\" \/>\n<meta name=\"twitter:card\" content=\"summary_large_image\" \/>\n<meta name=\"twitter:label1\" content=\"Tempo di lettura stimato\" \/>\n\t<meta name=\"twitter:data1\" content=\"3 minuti\" \/>\n<script type=\"application\/ld+json\" class=\"yoast-schema-graph\">{\"@context\":\"https:\/\/schema.org\",\"@graph\":[{\"@type\":\"WebPage\",\"@id\":\"https:\/\/www.seguso.it\/it\/privacy-policy\/\",\"url\":\"https:\/\/www.seguso.it\/it\/privacy-policy\/\",\"name\":\"Privacy Policy del Nostro Sito - Seguso Gianni\",\"isPartOf\":{\"@id\":\"https:\/\/www.seguso.it\/it\/#website\"},\"datePublished\":\"2017-02-28T16:18:15+00:00\",\"dateModified\":\"2018-11-09T14:10:17+00:00\",\"description\":\"La privacy policy del sito della fornace Gianni Seguso. La riservatezza dei nostri clienti \u00e8 tra le priorit\u00e0 della nostra azienda.\",\"breadcrumb\":{\"@id\":\"https:\/\/www.seguso.it\/it\/privacy-policy\/#breadcrumb\"},\"inLanguage\":\"it-IT\",\"potentialAction\":[{\"@type\":\"ReadAction\",\"target\":[\"https:\/\/www.seguso.it\/it\/privacy-policy\/\"]}]},{\"@type\":\"BreadcrumbList\",\"@id\":\"https:\/\/www.seguso.it\/it\/privacy-policy\/#breadcrumb\",\"itemListElement\":[{\"@type\":\"ListItem\",\"position\":1,\"name\":\"Home\",\"item\":\"https:\/\/www.seguso.it\/it\/\"},{\"@type\":\"ListItem\",\"position\":2,\"name\":\"Privacy policy\"}]},{\"@type\":\"WebSite\",\"@id\":\"https:\/\/www.seguso.it\/it\/#website\",\"url\":\"https:\/\/www.seguso.it\/it\/\",\"name\":\"Seguso Gianni\",\"description\":\"High Quality Murano Glass Factory in Venice Italy\",\"potentialAction\":[{\"@type\":\"SearchAction\",\"target\":{\"@type\":\"EntryPoint\",\"urlTemplate\":\"https:\/\/www.seguso.it\/it\/?s={search_term_string}\"},\"query-input\":{\"@type\":\"PropertyValueSpecification\",\"valueRequired\":true,\"valueName\":\"search_term_string\"}}],\"inLanguage\":\"it-IT\"}]}<\/script>\n<!-- \/ Yoast SEO plugin. -->","yoast_head_json":{"title":"Privacy Policy del Nostro Sito - Seguso Gianni","description":"La privacy policy del sito della fornace Gianni Seguso. La riservatezza dei nostri clienti \u00e8 tra le priorit\u00e0 della nostra azienda.","robots":{"index":"index","follow":"follow","max-snippet":"max-snippet:-1","max-image-preview":"max-image-preview:large","max-video-preview":"max-video-preview:-1"},"canonical":"https:\/\/www.seguso.it\/it\/privacy-policy\/","og_locale":"it_IT","og_type":"article","og_title":"Privacy Policy del Nostro Sito - Seguso Gianni","og_description":"La privacy policy del sito della fornace Gianni Seguso. La riservatezza dei nostri clienti \u00e8 tra le priorit\u00e0 della nostra azienda.","og_url":"https:\/\/www.seguso.it\/it\/privacy-policy\/","og_site_name":"Seguso Gianni","article_modified_time":"2018-11-09T14:10:17+00:00","twitter_card":"summary_large_image","twitter_misc":{"Tempo di lettura stimato":"3 minuti"},"schema":{"@context":"https:\/\/schema.org","@graph":[{"@type":"WebPage","@id":"https:\/\/www.seguso.it\/it\/privacy-policy\/","url":"https:\/\/www.seguso.it\/it\/privacy-policy\/","name":"Privacy Policy del Nostro Sito - Seguso Gianni","isPartOf":{"@id":"https:\/\/www.seguso.it\/it\/#website"},"datePublished":"2017-02-28T16:18:15+00:00","dateModified":"2018-11-09T14:10:17+00:00","description":"La privacy policy del sito della fornace Gianni Seguso. La riservatezza dei nostri clienti \u00e8 tra le priorit\u00e0 della nostra azienda.","breadcrumb":{"@id":"https:\/\/www.seguso.it\/it\/privacy-policy\/#breadcrumb"},"inLanguage":"it-IT","potentialAction":[{"@type":"ReadAction","target":["https:\/\/www.seguso.it\/it\/privacy-policy\/"]}]},{"@type":"BreadcrumbList","@id":"https:\/\/www.seguso.it\/it\/privacy-policy\/#breadcrumb","itemListElement":[{"@type":"ListItem","position":1,"name":"Home","item":"https:\/\/www.seguso.it\/it\/"},{"@type":"ListItem","position":2,"name":"Privacy policy"}]},{"@type":"WebSite","@id":"https:\/\/www.seguso.it\/it\/#website","url":"https:\/\/www.seguso.it\/it\/","name":"Seguso Gianni","description":"High Quality Murano Glass Factory in Venice Italy","potentialAction":[{"@type":"SearchAction","target":{"@type":"EntryPoint","urlTemplate":"https:\/\/www.seguso.it\/it\/?s={search_term_string}"},"query-input":{"@type":"PropertyValueSpecification","valueRequired":true,"valueName":"search_term_string"}}],"inLanguage":"it-IT"}]}},"_links":{"self":[{"href":"https:\/\/www.seguso.it\/it\/wp-json\/wp\/v2\/pages\/19231","targetHints":{"allow":["GET"]}}],"collection":[{"href":"https:\/\/www.seguso.it\/it\/wp-json\/wp\/v2\/pages"}],"about":[{"href":"https:\/\/www.seguso.it\/it\/wp-json\/wp\/v2\/types\/page"}],"author":[{"embeddable":true,"href":"https:\/\/www.seguso.it\/it\/wp-json\/wp\/v2\/users\/1"}],"replies":[{"embeddable":true,"href":"https:\/\/www.seguso.it\/it\/wp-json\/wp\/v2\/comments?post=19231"}],"version-history":[{"count":2,"href":"https:\/\/www.seguso.it\/it\/wp-json\/wp\/v2\/pages\/19231\/revisions"}],"predecessor-version":[{"id":19403,"href":"https:\/\/www.seguso.it\/it\/wp-json\/wp\/v2\/pages\/19231\/revisions\/19403"}],"wp:attachment":[{"href":"https:\/\/www.seguso.it\/it\/wp-json\/wp\/v2\/media?parent=19231"}],"curies":[{"name":"wp","href":"https:\/\/api.w.org\/{rel}","templated":true}]}}